{"id":2,"date":"2024-12-06T19:24:08","date_gmt":"2024-12-06T19:24:08","guid":{"rendered":"https:\/\/comunicadores.org.py\/?page_id=2"},"modified":"2024-12-11T02:35:18","modified_gmt":"2024-12-11T02:35:18","slug":"sample-page","status":"publish","type":"page","link":"https:\/\/comunicadores.org.py\/index.php\/sample-page\/","title":{"rendered":"Sociedad Paraguaya de Comunicadores"},"content":{"rendered":"\n<figure class=\"wp-block-image alignfull size-large\"><img loading=\"lazy\" decoding=\"async\" width=\"1024\" height=\"256\" src=\"https:\/\/comunicadores.org.py\/wp-content\/uploads\/2024\/12\/bannersimeple-1024x256.png\" alt=\"\" class=\"wp-image-125\" srcset=\"https:\/\/comunicadores.org.py\/wp-content\/uploads\/2024\/12\/bannersimeple-1024x256.png 1024w, https:\/\/comunicadores.org.py\/wp-content\/uploads\/2024\/12\/bannersimeple-300x75.png 300w, https:\/\/comunicadores.org.py\/wp-content\/uploads\/2024\/12\/bannersimeple-768x192.png 768w, https:\/\/comunicadores.org.py\/wp-content\/uploads\/2024\/12\/bannersimeple-1536x384.png 1536w, https:\/\/comunicadores.org.py\/wp-content\/uploads\/2024\/12\/bannersimeple.png 1584w\" sizes=\"auto, (max-width: 1024px) 100vw, 1024px\" \/><\/figure>\n\n\n\n<h2 class=\"wp-block-heading has-text-align-center has-x-large-font-size\">Escribinos<\/h2>\n\n\n\n<p class=\"has-text-align-center has-medium-font-size\">La Sociedad de Comunicadores del Paraguay les extiende una cordial invitaci\u00f3n a compartir sus art\u00edculos, ensayos y dem\u00e1s producciones en nuestro sitio web. Valoramos la diversidad de perspectivas y experiencias que cada profesional puede aportar, y consideramos que su contribuci\u00f3n enriquecer\u00e1 significativamente nuestra plataforma. Para enviar sus propuestas o solicitar m\u00e1s informaci\u00f3n, por favor, comun\u00edquese con nosotros a trav\u00e9s de <a href=\"mailto:publicaciones@comunicadores.org.py\">publicaciones@comunicadores.org.py<\/a>, esperamos con entusiasmo sus aportes para fortalecer juntos el intercambio de conocimientos en nuestra comunidad<\/p>\n\n\n\n<div class=\"wp-block-buttons is-content-justification-center is-layout-flex wp-container-core-buttons-is-layout-16018d1d wp-block-buttons-is-layout-flex\">\n<div class=\"wp-block-button is-style-outline is-style-outline--1\"><a class=\"wp-block-button__link wp-element-button\" style=\"border-radius:5px\">Mira nuestras publicaciones<\/a><\/div>\n<\/div>\n\n\n\n<h2 class=\"wp-block-heading has-text-align-center\">Multimedia de la Sociedad de Comunicadores<\/h2>\n\n\n\n<div class=\"wp-block-columns has-white-background-color has-background is-layout-flex wp-container-core-columns-is-layout-9d6595d7 wp-block-columns-is-layout-flex\">\n<div class=\"wp-block-column is-layout-flow wp-block-column-is-layout-flow\">\n<figure class=\"wp-block-video\"><video height=\"720\" style=\"aspect-ratio: 720 \/ 720;\" width=\"720\" controls src=\"https:\/\/comunicadores.org.py\/wp-content\/uploads\/2024\/12\/video1.mp4\"><\/video><figcaption class=\"wp-element-caption\">\u00bfQui\u00e9nes somos?&nbsp;<img loading=\"lazy\" decoding=\"async\" height=\"16\" width=\"16\" src=\"https:\/\/static.xx.fbcdn.net\/images\/emoji.php\/v9\/tfa\/1\/16\/1f44b.png\" alt=\"\ud83d\udc4b\">&nbsp;La Sociedad de Comunicadores del Paraguay (SCP) es una organizaci\u00f3n que re\u00fane a&nbsp;profesionales de la comunicaci\u00f3n de diferentes \u00e1reas.<br>Pero \u00bfsab\u00edas que la comunicaci\u00f3n abarca muchos \u00e1mbitos acad\u00e9micos?<\/figcaption><\/figure>\n<\/div>\n\n\n\n<div class=\"wp-block-column is-layout-flow wp-block-column-is-layout-flow\">\n<figure class=\"wp-block-video\"><video height=\"848\" style=\"aspect-ratio: 476 \/ 848;\" width=\"476\" controls src=\"https:\/\/comunicadores.org.py\/wp-content\/uploads\/2024\/12\/video2.mp4\"><\/video><figcaption class=\"wp-element-caption\">Caso Itaipu<\/figcaption><\/figure>\n<\/div>\n\n\n\n<div class=\"wp-block-column is-layout-flow wp-block-column-is-layout-flow\">\n<figure class=\"wp-block-embed is-type-video is-provider-youtube wp-block-embed-youtube wp-embed-aspect-16-9 wp-has-aspect-ratio\"><div class=\"wp-block-embed__wrapper\">\n<iframe loading=\"lazy\" title=\"Entrevista- Rub\u00e9n Penayo- Sociedad de Comunicadores del Paraguay\" width=\"500\" height=\"281\" src=\"https:\/\/www.youtube.com\/embed\/Kuaru52vfxc?feature=oembed\" frameborder=\"0\" allow=\"accelerometer; autoplay; clipboard-write; encrypted-media; gyroscope; picture-in-picture; web-share\" referrerpolicy=\"strict-origin-when-cross-origin\" allowfullscreen><\/iframe>\n<\/div><figcaption class=\"wp-element-caption\">Entrevista- Rub\u00e9n Penayo- Sociedad de Comunicadores del Paraguay<\/figcaption><\/figure>\n<\/div>\n<\/div>\n\n\n\n<p class=\"has-text-align-center\"><\/p>\n","protected":false},"excerpt":{"rendered":"<p>Escribinos La Sociedad de Comunicadores del Paraguay les extiende una cordial invitaci\u00f3n a compartir sus art\u00edculos, ensayos y dem\u00e1s producciones en nuestro sitio web. Valoramos la diversidad de perspectivas y experiencias que cada profesional puede aportar, y consideramos que&hellip;<\/p>\n","protected":false},"author":1,"featured_media":0,"parent":0,"menu_order":0,"comment_status":"closed","ping_status":"closed","template":"","meta":{"footnotes":""},"class_list":["post-2","page","type-page","status-publish","hentry"],"_links":{"self":[{"href":"https:\/\/comunicadores.org.py\/index.php\/wp-json\/wp\/v2\/pages\/2","targetHints":{"allow":["GET"]}}],"collection":[{"href":"https:\/\/comunicadores.org.py\/index.php\/wp-json\/wp\/v2\/pages"}],"about":[{"href":"https:\/\/comunicadores.org.py\/index.php\/wp-json\/wp\/v2\/types\/page"}],"author":[{"embeddable":true,"href":"https:\/\/comunicadores.org.py\/index.php\/wp-json\/wp\/v2\/users\/1"}],"replies":[{"embeddable":true,"href":"https:\/\/comunicadores.org.py\/index.php\/wp-json\/wp\/v2\/comments?post=2"}],"version-history":[{"count":39,"href":"https:\/\/comunicadores.org.py\/index.php\/wp-json\/wp\/v2\/pages\/2\/revisions"}],"predecessor-version":[{"id":127,"href":"https:\/\/comunicadores.org.py\/index.php\/wp-json\/wp\/v2\/pages\/2\/revisions\/127"}],"wp:attachment":[{"href":"https:\/\/comunicadores.org.py\/index.php\/wp-json\/wp\/v2\/media?parent=2"}],"curies":[{"name":"wp","href":"https:\/\/api.w.org\/{rel}","templated":true}]}}